{"id":1173,"date":"2025-04-29T21:18:58","date_gmt":"2025-04-29T19:18:58","guid":{"rendered":"http:\/\/xn--drdner-yxa.de\/?page_id=1173"},"modified":"2025-04-29T21:20:29","modified_gmt":"2025-04-29T19:20:29","slug":"datenschutzerklaerung","status":"publish","type":"page","link":"https:\/\/xn--drdner-yxa.de\/?page_id=1173","title":{"rendered":"Datenschutzerkl\u00e4rung"},"content":{"rendered":"\r\n<p class=\"\" data-start=\"307\" data-end=\"331\"><strong data-start=\"307\" data-end=\"331\">Datenschutzerkl\u00e4rung<\/strong><\/p>\r\n<p class=\"\" data-start=\"333\" data-end=\"529\">Der Schutz Ihrer pers\u00f6nlichen Daten ist uns wichtig. Nachfolgend informieren wir Sie \u00fcber die Erhebung und Verarbeitung Ihrer personenbezogenen Daten gem\u00e4\u00df der Datenschutz-Grundverordnung (DSGVO).<\/p>\r\n<h3 class=\"wp-block-heading\" data-start=\"531\" data-end=\"554\">1. Verantwortlicher<\/h3>\r\n<p class=\"\" data-start=\"556\" data-end=\"596\"><strong data-start=\"556\" data-end=\"596\">Verantwortlicher im Sinne der DSGVO:<\/strong><\/p>\r\n<p class=\"\" data-start=\"598\" data-end=\"775\">Dr. Mehmet D\u00f6ner<br data-start=\"614\" data-end=\"617\" \/>Facharzt f\u00fcr Frauenheilkunde und Geburtshilfe<br data-start=\"662\" data-end=\"665\" \/>Kienitzer Stra\u00dfe 2<br data-start=\"683\" data-end=\"686\" \/>12053 Berlin Neuk\u00f6lln<br data-start=\"707\" data-end=\"710\" \/>Telefon: [030 6871276]<br data-start=\"740\" data-end=\"743\" \/>E-Mail: [info@praxisdoener.de]<\/p>\r\n<h3 class=\"\" data-start=\"777\" data-end=\"833\">2. Erhebung und Verarbeitung personenbezogener Daten<\/h3>\r\n<p class=\"\" data-start=\"835\" data-end=\"1026\"><strong data-start=\"835\" data-end=\"874\">a) Zugriffsdaten (Server-Logfiles):<\/strong><br data-start=\"874\" data-end=\"877\" \/>Beim Besuch unserer Website erheben wir automatisch Informationen, die Ihr Browser an uns \u00fcbermittelt (so genannte Server-Logfiles). Diese enthalten:<\/p>\r\n<ul data-start=\"1027\" data-end=\"1268\">\r\n<li class=\"\" data-start=\"1027\" data-end=\"1039\">\r\n<p class=\"\" data-start=\"1029\" data-end=\"1039\">IP-Adresse<\/p>\r\n<\/li>\r\n<li class=\"\" data-start=\"1040\" data-end=\"1071\">\r\n<p class=\"\" data-start=\"1042\" data-end=\"1071\">Datum und Uhrzeit der Anfrage<\/p>\r\n<\/li>\r\n<li class=\"\" data-start=\"1072\" data-end=\"1108\">\r\n<p class=\"\" data-start=\"1074\" data-end=\"1108\">Name und URL der abgerufenen Datei<\/p>\r\n<\/li>\r\n<li class=\"\" data-start=\"1109\" data-end=\"1150\">\r\n<p class=\"\" data-start=\"1111\" data-end=\"1150\">Referrer URL (die zuvor besuchte Seite)<\/p>\r\n<\/li>\r\n<li class=\"\" data-start=\"1151\" data-end=\"1176\">\r\n<p class=\"\" data-start=\"1153\" data-end=\"1176\">Browsertyp und -version<\/p>\r\n<\/li>\r\n<li class=\"\" data-start=\"1177\" data-end=\"1193\">\r\n<p class=\"\" data-start=\"1179\" data-end=\"1193\">Betriebssystem<\/p>\r\n<\/li>\r\n<li class=\"\" data-start=\"1194\" data-end=\"1268\">\r\n<p class=\"\" data-start=\"1196\" data-end=\"1268\">Websites, die vom System des Nutzers \u00fcber unsere Seite aufgerufen werden<\/p>\r\n<\/li>\r\n<\/ul>\r\n<p class=\"\" data-start=\"1270\" data-end=\"1455\">Die Verarbeitung dieser Daten erfolgt zur Gew\u00e4hrleistung eines reibungslosen Betriebs der Website, zur Verbesserung der Website und zur Sicherstellung der Sicherheit unserer IT-Systeme.<\/p>\r\n<p class=\"\" data-start=\"1457\" data-end=\"1594\"><strong data-start=\"1457\" data-end=\"1477\">Rechtsgrundlage:<\/strong><br data-start=\"1477\" data-end=\"1480\" \/>Art. 6 Abs. 1 lit. f DSGVO (berechtigtes Interesse an der Optimierung der Website und der Sicherheit der Systeme).<\/p>\r\n<p class=\"\" data-start=\"1596\" data-end=\"1798\"><strong data-start=\"1596\" data-end=\"1644\">b) Kontaktformular und Online-Terminbuchung:<\/strong><br data-start=\"1644\" data-end=\"1647\" \/>Wenn Sie \u00fcber unser <strong data-start=\"1667\" data-end=\"1686\">Kontaktformular<\/strong> oder die <strong data-start=\"1696\" data-end=\"1720\">Online-Terminbuchung<\/strong> mit uns in Kontakt treten, erheben wir die folgenden personenbezogenen Daten:<\/p>\r\n<ul data-start=\"1799\" data-end=\"1898\">\r\n<li class=\"\" data-start=\"1799\" data-end=\"1832\">\r\n<p class=\"\" data-start=\"1801\" data-end=\"1832\"><strong data-start=\"1801\" data-end=\"1809\">Name<\/strong> (Vorname und Nachname)<\/p>\r\n<\/li>\r\n<li class=\"\" data-start=\"1833\" data-end=\"1852\">\r\n<p class=\"\" data-start=\"1835\" data-end=\"1852\"><strong data-start=\"1835\" data-end=\"1852\">Telefonnummer<\/strong><\/p>\r\n<\/li>\r\n<li class=\"\" data-start=\"1853\" data-end=\"1873\">\r\n<p class=\"\" data-start=\"1855\" data-end=\"1873\"><strong data-start=\"1855\" data-end=\"1873\">E-Mail-Adresse<\/strong><\/p>\r\n<\/li>\r\n<li class=\"\" data-start=\"1874\" data-end=\"1898\">\r\n<p class=\"\" data-start=\"1876\" data-end=\"1898\"><strong data-start=\"1876\" data-end=\"1898\">Nachricht\/Anliegen<\/strong><\/p>\r\n<\/li>\r\n<\/ul>\r\n<p class=\"\" data-start=\"1900\" data-end=\"2126\">Diese Daten verwenden wir ausschlie\u00dflich, um Ihre Anfrage zu bearbeiten oder einen Termin zu vereinbaren. Eine weitergehende Nutzung Ihrer Daten erfolgt nur, wenn Sie ausdr\u00fccklich zustimmen oder es gesetzlich erforderlich ist.<\/p>\r\n<p class=\"\" data-start=\"2128\" data-end=\"2245\"><strong data-start=\"2128\" data-end=\"2148\">Rechtsgrundlage:<\/strong><br data-start=\"2148\" data-end=\"2151\" \/>Art. 6 Abs. 1 lit. a DSGVO (Einwilligung) bzw. Art. 6 Abs. 1 lit. b DSGVO (Vertragserf\u00fcllung).<\/p>\r\n<p class=\"\" data-start=\"2247\" data-end=\"2361\"><strong data-start=\"2247\" data-end=\"2273\">c) Terminvereinbarung:<\/strong><br data-start=\"2273\" data-end=\"2276\" \/>F\u00fcr die <strong data-start=\"2284\" data-end=\"2308\">Online-Terminbuchung<\/strong> erfassen wir zus\u00e4tzlich zu den oben genannten Daten:<\/p>\r\n<ul data-start=\"2362\" data-end=\"2441\">\r\n<li class=\"\" data-start=\"2362\" data-end=\"2386\">\r\n<p class=\"\" data-start=\"2364\" data-end=\"2386\"><strong data-start=\"2364\" data-end=\"2386\">Gew\u00fcnschter Termin<\/strong><\/p>\r\n<\/li>\r\n<li class=\"\" data-start=\"2387\" data-end=\"2441\">\r\n<p class=\"\" data-start=\"2389\" data-end=\"2441\"><strong data-start=\"2389\" data-end=\"2441\">\u00c4rztliche Anfragen oder Notizen (falls relevant)<\/strong><\/p>\r\n<\/li>\r\n<\/ul>\r\n<p class=\"\" data-start=\"2443\" data-end=\"2536\">Diese Daten werden verwendet, um den gew\u00fcnschten Termin zu best\u00e4tigen und ggf. vorzubereiten.<\/p>\r\n<p class=\"\" data-start=\"2538\" data-end=\"2608\"><strong data-start=\"2538\" data-end=\"2558\">Rechtsgrundlage:<\/strong><br data-start=\"2558\" data-end=\"2561\" \/>Art. 6 Abs. 1 lit. b DSGVO (Vertragserf\u00fcllung).<\/p>\r\n<h3 class=\"\" data-start=\"2610\" data-end=\"2639\">3. Verwendung von Cookies<\/h3>\r\n<p class=\"\" data-start=\"2641\" data-end=\"3051\">Unsere Website verwendet Cookies, um die Benutzerfreundlichkeit zu verbessern und bestimmte Funktionen zu erm\u00f6glichen. Cookies sind kleine Textdateien, die auf Ihrem Endger\u00e4t gespeichert werden. Sie k\u00f6nnen die Verwendung von Cookies in Ihrem Browser einstellen oder Cookies l\u00f6schen. Einige Cookies sind erforderlich, damit die Website korrekt funktioniert (z. B. f\u00fcr das Kontaktformular und die Terminbuchung).<\/p>\r\n<p class=\"\" data-start=\"3053\" data-end=\"3170\"><strong data-start=\"3053\" data-end=\"3073\">Rechtsgrundlage:<\/strong><br data-start=\"3073\" data-end=\"3076\" \/>Art. 6 Abs. 1 lit. f DSGVO (berechtigtes Interesse an der Verbesserung der Benutzererfahrung).<\/p>\r\n<h3 class=\"\" data-start=\"3172\" data-end=\"3204\">4. Datenweitergabe an Dritte<\/h3>\r\n<p class=\"\" data-start=\"3206\" data-end=\"3565\">Wir geben Ihre personenbezogenen Daten nur weiter, wenn dies erforderlich ist, um unsere vertraglichen Pflichten zu erf\u00fcllen (z. B. zur Best\u00e4tigung oder Terminplanung) oder wenn wir gesetzlich dazu verpflichtet sind. Eine Weitergabe an Dritte erfolgt nur im Rahmen der Vertragserf\u00fcllung (z. B. an unseren Terminbuchungsanbieter oder technische Dienstleister).<\/p>\r\n<h3 class=\"\" data-start=\"3567\" data-end=\"3595\">5. Dauer der Speicherung<\/h3>\r\n<p class=\"\" data-start=\"3597\" data-end=\"3787\">Wir speichern Ihre personenbezogenen Daten nur so lange, wie dies f\u00fcr die Erf\u00fcllung der jeweiligen Zwecke erforderlich ist. Nach Ablauf der Frist werden die Daten gel\u00f6scht oder anonymisiert.<\/p>\r\n<p class=\"\" data-start=\"3789\" data-end=\"3819\"><strong data-start=\"3789\" data-end=\"3819\">Beispiel f\u00fcr L\u00f6schfristen:<\/strong><\/p>\r\n<ul data-start=\"3820\" data-end=\"3966\">\r\n<li class=\"\" data-start=\"3820\" data-end=\"3880\">\r\n<p class=\"\" data-start=\"3822\" data-end=\"3880\"><strong data-start=\"3822\" data-end=\"3842\">Kontaktformular:<\/strong> 6 Monate nach Bearbeitung der Anfrage<\/p>\r\n<\/li>\r\n<li class=\"\" data-start=\"3881\" data-end=\"3966\">\r\n<p class=\"\" data-start=\"3883\" data-end=\"3966\"><strong data-start=\"3883\" data-end=\"3901\">Terminbuchung:<\/strong> 1 Jahr nach Abschluss der Behandlung (je nach Praxisrichtlinien)<\/p>\r\n<\/li>\r\n<\/ul>\r\n<h3 class=\"\" data-start=\"3968\" data-end=\"3986\">6. Ihre Rechte<\/h3>\r\n<p class=\"\" data-start=\"3988\" data-end=\"4051\">Nach der Datenschutz-Grundverordnung haben Sie folgende Rechte:<\/p>\r\n<ul data-start=\"4053\" data-end=\"4856\">\r\n<li class=\"\" data-start=\"4053\" data-end=\"4174\">\r\n<p class=\"\" data-start=\"4055\" data-end=\"4174\"><strong data-start=\"4055\" data-end=\"4078\">Recht auf Auskunft:<\/strong> Sie k\u00f6nnen jederzeit Auskunft \u00fcber die von uns gespeicherten personenbezogenen Daten verlangen.<\/p>\r\n<\/li>\r\n<li class=\"\" data-start=\"4175\" data-end=\"4296\">\r\n<p class=\"\" data-start=\"4177\" data-end=\"4296\"><strong data-start=\"4177\" data-end=\"4204\">Recht auf Berichtigung:<\/strong> Wenn Ihre Daten unrichtig oder unvollst\u00e4ndig sind, k\u00f6nnen Sie deren Berichtigung verlangen.<\/p>\r\n<\/li>\r\n<li class=\"\" data-start=\"4297\" data-end=\"4445\">\r\n<p class=\"\" data-start=\"4299\" data-end=\"4445\"><strong data-start=\"4299\" data-end=\"4322\">Recht auf L\u00f6schung:<\/strong> Sie k\u00f6nnen die L\u00f6schung Ihrer personenbezogenen Daten verlangen, sofern keine rechtlichen Aufbewahrungspflichten bestehen.<\/p>\r\n<\/li>\r\n<li class=\"\" data-start=\"4446\" data-end=\"4562\">\r\n<p class=\"\" data-start=\"4448\" data-end=\"4562\"><strong data-start=\"4448\" data-end=\"4493\">Recht auf Einschr\u00e4nkung der Verarbeitung:<\/strong> Sie k\u00f6nnen die Einschr\u00e4nkung der Verarbeitung Ihrer Daten verlangen.<\/p>\r\n<\/li>\r\n<li class=\"\" data-start=\"4563\" data-end=\"4716\">\r\n<p class=\"\" data-start=\"4565\" data-end=\"4716\"><strong data-start=\"4565\" data-end=\"4591\">Recht auf Widerspruch:<\/strong> Sie k\u00f6nnen der Verarbeitung Ihrer personenbezogenen Daten widersprechen, wenn diese auf einem berechtigten Interesse beruht.<\/p>\r\n<\/li>\r\n<li class=\"\" data-start=\"4717\" data-end=\"4856\">\r\n<p class=\"\" data-start=\"4719\" data-end=\"4856\"><strong data-start=\"4719\" data-end=\"4754\">Recht auf Daten\u00fcbertragbarkeit:<\/strong> Sie k\u00f6nnen die \u00dcbertragung Ihrer personenbezogenen Daten an einen anderen Verantwortlichen verlangen.<\/p>\r\n<\/li>\r\n<\/ul>\r\n<p class=\"\" data-start=\"4858\" data-end=\"4973\">Wenn Sie eines dieser Rechte aus\u00fcben m\u00f6chten, wenden Sie sich bitte an uns unter den oben angegebenen Kontaktdaten.<\/p>\r\n<h3 class=\"\" data-start=\"4975\" data-end=\"5007\">7. Widerruf der Einwilligung<\/h3>\r\n<p class=\"\" data-start=\"5009\" data-end=\"5360\">Sofern Sie in die Verarbeitung Ihrer personenbezogenen Daten eingewilligt haben (z. B. bei der Verwendung des Kontaktformulars oder der Terminbuchung), k\u00f6nnen Sie Ihre Einwilligung jederzeit mit Wirkung f\u00fcr die Zukunft widerrufen. Der Widerruf der Einwilligung hat keine Auswirkungen auf die Rechtm\u00e4\u00dfigkeit der bis zum Widerruf erfolgten Verarbeitung.<\/p>\r\n<h3 class=\"\" data-start=\"5362\" data-end=\"5409\">8. Beschwerderecht bei der Aufsichtsbeh\u00f6rde<\/h3>\r\n<p class=\"\" data-start=\"5411\" data-end=\"5691\">Wenn Sie der Ansicht sind, dass die Verarbeitung Ihrer personenbezogenen Daten gegen die Datenschutz-Grundverordnung verst\u00f6\u00dft, haben Sie das Recht, bei einer Aufsichtsbeh\u00f6rde eine Beschwerde einzureichen. Die zust\u00e4ndige Aufsichtsbeh\u00f6rde f\u00fcr den Datenschutz in Deutschland ist der:<\/p>\r\n<p class=\"\" data-start=\"5693\" data-end=\"5793\"><strong data-start=\"5693\" data-end=\"5758\">Berliner Beauftragte f\u00fcr Datenschutz und Informationsfreiheit<\/strong><br data-start=\"5758\" data-end=\"5761\" \/>Friedrichstr. 219<br data-start=\"5778\" data-end=\"5781\" \/>10969 Berlin<\/p>\r\n<h3 class=\"\" data-start=\"5795\" data-end=\"5812\">9. Sicherheit<\/h3>\r\n<p class=\"\" data-start=\"5814\" data-end=\"6068\">Wir treffen geeignete technische und organisatorische Ma\u00dfnahmen, um Ihre personenbezogenen Daten vor Verlust, Missbrauch, unbefugtem Zugriff oder unbefugter Offenlegung zu sch\u00fctzen. Dazu geh\u00f6ren unter anderem Verschl\u00fcsselung und sichere Daten\u00fcbertragung.<\/p>\r\n<h3 class=\"\" data-start=\"6070\" data-end=\"6116\">10. \u00c4nderungen dieser Datenschutzerkl\u00e4rung<\/h3>\r\n<p class=\"\" data-start=\"6118\" data-end=\"6374\">Wir behalten uns vor, diese Datenschutzerkl\u00e4rung jederzeit zu \u00e4ndern, um sie an die aktuellen rechtlichen Anforderungen anzupassen oder \u00c4nderungen der Dienstleistungen auf der Website umzusetzen. F\u00fcr Ihren erneuten Besuch gilt die jeweils aktuelle Version.<\/p>","protected":false},"excerpt":{"rendered":"<p>Datenschutzerkl\u00e4rung Der Schutz Ihrer pers\u00f6nlichen Daten ist uns wichtig. Nachfolgend informieren wir Sie \u00fcber die Erhebung und Verarbeitung Ihrer personenbezogenen Daten gem\u00e4\u00df der Datenschutz-Grundverordnung (DSGVO). 1. Verantwortlicher Verantwortlicher im Sinne der DSGVO: Dr. Mehmet D\u00f6nerFacharzt f\u00fcr Frauenheilkunde und GeburtshilfeKienitzer Stra\u00dfe 212053 Berlin Neuk\u00f6llnTelefon: [030 6871276]E-Mail: [info@praxisdoener.de] 2. Erhebung und Verarbeitung personenbezogener Daten a) Zugriffsdaten (Server-Logfiles):Beim  [&#8230;]<\/p>\n","protected":false},"author":1,"featured_media":0,"parent":0,"menu_order":0,"comment_status":"closed","ping_status":"closed","template":"","meta":{"footnotes":""},"class_list":["post-1173","page","type-page","status-publish","hentry"],"yoast_head":"<!-- This site is optimized with the Yoast SEO Premium plugin v24.9 (Yoast SEO v24.9) - https:\/\/yoast.com\/wordpress\/plugins\/seo\/ -->\n<title>Datenschutzerkl\u00e4rung - Frauenarztpraxis Mehmet D\u00f6ner<\/title>\n<meta name=\"robots\" content=\"index, follow, max-snippet:-1, max-image-preview:large, max-video-preview:-1\" \/>\n<link rel=\"canonical\" href=\"https:\/\/xn--drdner-yxa.de\/?page_id=1173\" \/>\n<meta property=\"og:locale\" content=\"de_DE\" \/>\n<meta property=\"og:type\" content=\"article\" \/>\n<meta property=\"og:title\" content=\"Datenschutzerkl\u00e4rung\" \/>\n<meta property=\"og:description\" content=\"Datenschutzerkl\u00e4rung Der Schutz Ihrer pers\u00f6nlichen Daten ist uns wichtig. Nachfolgend informieren wir Sie \u00fcber die Erhebung und Verarbeitung Ihrer personenbezogenen Daten gem\u00e4\u00df der Datenschutz-Grundverordnung (DSGVO). 1. Verantwortlicher Verantwortlicher im Sinne der DSGVO: Dr. Mehmet D\u00f6nerFacharzt f\u00fcr Frauenheilkunde und GeburtshilfeKienitzer Stra\u00dfe 212053 Berlin Neuk\u00f6llnTelefon: [030 6871276]E-Mail: [info@praxisdoener.de] 2. Erhebung und Verarbeitung personenbezogener Daten a) Zugriffsdaten (Server-Logfiles):Beim [...]\" \/>\n<meta property=\"og:url\" content=\"https:\/\/xn--drdner-yxa.de\/?page_id=1173\" \/>\n<meta property=\"og:site_name\" content=\"Frauenarztpraxis Mehmet D\u00f6ner\" \/>\n<meta property=\"article:modified_time\" content=\"2025-04-29T19:20:29+00:00\" \/>\n<meta name=\"twitter:card\" content=\"summary_large_image\" \/>\n<meta name=\"twitter:label1\" content=\"Gesch\u00e4tzte Lesezeit\" \/>\n\t<meta name=\"twitter:data1\" content=\"5\u00a0Minuten\" \/>\n<script type=\"application\/ld+json\" class=\"yoast-schema-graph\">{\"@context\":\"https:\/\/schema.org\",\"@graph\":[{\"@type\":\"WebPage\",\"@id\":\"https:\/\/xn--drdner-yxa.de\/?page_id=1173\",\"url\":\"https:\/\/xn--drdner-yxa.de\/?page_id=1173\",\"name\":\"Datenschutzerkl\u00e4rung - Frauenarztpraxis Mehmet D\u00f6ner\",\"isPartOf\":{\"@id\":\"https:\/\/xn--drdner-yxa.de\/#website\"},\"datePublished\":\"2025-04-29T19:18:58+00:00\",\"dateModified\":\"2025-04-29T19:20:29+00:00\",\"breadcrumb\":{\"@id\":\"https:\/\/xn--drdner-yxa.de\/?page_id=1173#breadcrumb\"},\"inLanguage\":\"de\",\"potentialAction\":[{\"@type\":\"ReadAction\",\"target\":[\"https:\/\/xn--drdner-yxa.de\/?page_id=1173\"]}]},{\"@type\":\"BreadcrumbList\",\"@id\":\"https:\/\/xn--drdner-yxa.de\/?page_id=1173#breadcrumb\",\"itemListElement\":[{\"@type\":\"ListItem\",\"position\":1,\"name\":\"Home\",\"item\":\"https:\/\/xn--drdner-yxa.de\/\"},{\"@type\":\"ListItem\",\"position\":2,\"name\":\"Datenschutzerkl\u00e4rung\"}]},{\"@type\":\"WebSite\",\"@id\":\"https:\/\/xn--drdner-yxa.de\/#website\",\"url\":\"https:\/\/xn--drdner-yxa.de\/\",\"name\":\"Frauenarztpraxis Mehmet D\u00f6ner\",\"description\":\"Frauenarzt Gyn\u00e4kologe in Berlin Neuk\u00f6lln Mehmet D\u00f6ner\",\"potentialAction\":[{\"@type\":\"SearchAction\",\"target\":{\"@type\":\"EntryPoint\",\"urlTemplate\":\"https:\/\/xn--drdner-yxa.de\/?s={search_term_string}\"},\"query-input\":{\"@type\":\"PropertyValueSpecification\",\"valueRequired\":true,\"valueName\":\"search_term_string\"}}],\"inLanguage\":\"de\"}]}<\/script>\n<!-- \/ Yoast SEO Premium plugin. -->","yoast_head_json":{"title":"Datenschutzerkl\u00e4rung - Frauenarztpraxis Mehmet D\u00f6ner","robots":{"index":"index","follow":"follow","max-snippet":"max-snippet:-1","max-image-preview":"max-image-preview:large","max-video-preview":"max-video-preview:-1"},"canonical":"https:\/\/xn--drdner-yxa.de\/?page_id=1173","og_locale":"de_DE","og_type":"article","og_title":"Datenschutzerkl\u00e4rung","og_description":"Datenschutzerkl\u00e4rung Der Schutz Ihrer pers\u00f6nlichen Daten ist uns wichtig. Nachfolgend informieren wir Sie \u00fcber die Erhebung und Verarbeitung Ihrer personenbezogenen Daten gem\u00e4\u00df der Datenschutz-Grundverordnung (DSGVO). 1. Verantwortlicher Verantwortlicher im Sinne der DSGVO: Dr. Mehmet D\u00f6nerFacharzt f\u00fcr Frauenheilkunde und GeburtshilfeKienitzer Stra\u00dfe 212053 Berlin Neuk\u00f6llnTelefon: [030 6871276]E-Mail: [info@praxisdoener.de] 2. Erhebung und Verarbeitung personenbezogener Daten a) Zugriffsdaten (Server-Logfiles):Beim [...]","og_url":"https:\/\/xn--drdner-yxa.de\/?page_id=1173","og_site_name":"Frauenarztpraxis Mehmet D\u00f6ner","article_modified_time":"2025-04-29T19:20:29+00:00","twitter_card":"summary_large_image","twitter_misc":{"Gesch\u00e4tzte Lesezeit":"5\u00a0Minuten"},"schema":{"@context":"https:\/\/schema.org","@graph":[{"@type":"WebPage","@id":"https:\/\/xn--drdner-yxa.de\/?page_id=1173","url":"https:\/\/xn--drdner-yxa.de\/?page_id=1173","name":"Datenschutzerkl\u00e4rung - Frauenarztpraxis Mehmet D\u00f6ner","isPartOf":{"@id":"https:\/\/xn--drdner-yxa.de\/#website"},"datePublished":"2025-04-29T19:18:58+00:00","dateModified":"2025-04-29T19:20:29+00:00","breadcrumb":{"@id":"https:\/\/xn--drdner-yxa.de\/?page_id=1173#breadcrumb"},"inLanguage":"de","potentialAction":[{"@type":"ReadAction","target":["https:\/\/xn--drdner-yxa.de\/?page_id=1173"]}]},{"@type":"BreadcrumbList","@id":"https:\/\/xn--drdner-yxa.de\/?page_id=1173#breadcrumb","itemListElement":[{"@type":"ListItem","position":1,"name":"Home","item":"https:\/\/xn--drdner-yxa.de\/"},{"@type":"ListItem","position":2,"name":"Datenschutzerkl\u00e4rung"}]},{"@type":"WebSite","@id":"https:\/\/xn--drdner-yxa.de\/#website","url":"https:\/\/xn--drdner-yxa.de\/","name":"Frauenarztpraxis Mehmet D\u00f6ner","description":"Frauenarzt Gyn\u00e4kologe in Berlin Neuk\u00f6lln Mehmet D\u00f6ner","potentialAction":[{"@type":"SearchAction","target":{"@type":"EntryPoint","urlTemplate":"https:\/\/xn--drdner-yxa.de\/?s={search_term_string}"},"query-input":{"@type":"PropertyValueSpecification","valueRequired":true,"valueName":"search_term_string"}}],"inLanguage":"de"}]}},"_links":{"self":[{"href":"https:\/\/xn--drdner-yxa.de\/index.php?rest_route=\/wp\/v2\/pages\/1173","targetHints":{"allow":["GET"]}}],"collection":[{"href":"https:\/\/xn--drdner-yxa.de\/index.php?rest_route=\/wp\/v2\/pages"}],"about":[{"href":"https:\/\/xn--drdner-yxa.de\/index.php?rest_route=\/wp\/v2\/types\/page"}],"author":[{"embeddable":true,"href":"https:\/\/xn--drdner-yxa.de\/index.php?rest_route=\/wp\/v2\/users\/1"}],"replies":[{"embeddable":true,"href":"https:\/\/xn--drdner-yxa.de\/index.php?rest_route=%2Fwp%2Fv2%2Fcomments&post=1173"}],"version-history":[{"count":2,"href":"https:\/\/xn--drdner-yxa.de\/index.php?rest_route=\/wp\/v2\/pages\/1173\/revisions"}],"predecessor-version":[{"id":1365,"href":"https:\/\/xn--drdner-yxa.de\/index.php?rest_route=\/wp\/v2\/pages\/1173\/revisions\/1365"}],"wp:attachment":[{"href":"https:\/\/xn--drdner-yxa.de\/index.php?rest_route=%2Fwp%2Fv2%2Fmedia&parent=1173"}],"curies":[{"name":"wp","href":"https:\/\/api.w.org\/{rel}","templated":true}]}}